{"id":35792,"date":"2025-05-28T16:30:02","date_gmt":"2025-05-28T14:30:02","guid":{"rendered":"https:\/\/kolhammer.com\/?post_type=product&#038;p=35792"},"modified":"2025-05-28T16:30:38","modified_gmt":"2025-05-28T14:30:38","slug":"ski-jumper-franz-hagenauer-ca-1932","status":"publish","type":"product","link":"https:\/\/kolhammer.com\/en\/product\/ski-jumper-franz-hagenauer-ca-1932\/","title":{"rendered":"Ski jumper Franz Hagenauer ca. 1932"},"content":{"rendered":"<p>Karl und Franz Hagenauer verband eine besondere Leidenschaft f\u00fcr den Sport \u2013 ein Faible, das sich in zahlreichen Arbeiten der renommierten Werkst\u00e4tte Hagenauer auf kunstvolle Weise widerspiegelt. Ob elegante Skifahrer oder dynamische Polospieler der fr\u00fchen Jahre, sp\u00e4ter auch Boxer, Tennisspieler oder Golfer: Sportliche Szenen, oft mit einem Hauch mond\u00e4ner Lebensart inszeniert, wurden immer wieder in stilisierten Skulpturen festgehalten.<br \/>\nDiese fein gearbeitete Statuette zeigt einen Skispringer im Moment des Absprungs \u2013 ein Bild perfekter Balance und Bewegung. Die Skier aus vernickeltem Messing kontrastieren wirkungsvoll mit dem K\u00f6rper des Springers aus poliertem Messing. Mit ausgestrecktem K\u00f6rper, vorgeneigt und den Armen nach oben gerichtet, formt die Figur eine elegante Linie voller Dynamik. Ziselierte Details wie Schal und M\u00fctze verleihen der Skulptur zus\u00e4tzliche Raffinesse.<br \/>\nDie harmonische Verbindung edler Materialien mit einer klaren, reduzierten Formensprache macht diese Arbeit zu einem typischen Beispiel f\u00fcr das ikonische Design der Werkst\u00e4tte Hagenauer \u2013 kunstvoll, zeitlos und von einzigartiger Ausstrahlung.<\/p>\n","protected":false},"excerpt":{"rendered":"<p>Ski jumper, design by Franz Hagenauer, executed by Werkst\u00e4tte Hagenauer Wien, ca. 1932, brass and brass nickel-plated, marked<\/p>\n","protected":false},"featured_media":35778,"template":"","meta":[],"product_brand":[],"product_cat":[416],"product_tag":[1635],"class_list":{"0":"post-35792","1":"product","2":"type-product","3":"status-publish","4":"has-post-thumbnail","6":"product_cat-werkstaette-hagenauer-wien-en","7":"product_tag-werkstaette-hagenauer-wien-en","9":"first","10":"instock","11":"shipping-taxable","12":"purchasable","13":"product-type-simple"},"yoast_head":"<!-- This site is optimized with the Yoast SEO Premium plugin v20.1 (Yoast SEO v27.5) - https:\/\/yoast.com\/product\/yoast-seo-premium-wordpress\/ -->\n<title>Ski jumper Franz Hagenauer ca. 1932 - kolhammer.com<\/title>\n<meta name=\"robots\" content=\"index, follow, max-snippet:-1, max-image-preview:large, max-video-preview:-1\" \/>\n<link rel=\"canonical\" href=\"https:\/\/kolhammer.com\/en\/product\/ski-jumper-franz-hagenauer-ca-1932\/\" \/>\n<meta property=\"og:locale\" content=\"en_US\" \/>\n<meta property=\"og:type\" content=\"article\" \/>\n<meta property=\"og:title\" content=\"Ski jumper Franz Hagenauer ca. 1932 - kolhammer.com\" \/>\n<meta property=\"og:description\" content=\"Ski jumper, design by Franz Hagenauer, executed by Werkst\u00e4tte Hagenauer Wien, ca. 1932, brass and brass nickel-plated, marked\" \/>\n<meta property=\"og:url\" content=\"https:\/\/kolhammer.com\/en\/product\/ski-jumper-franz-hagenauer-ca-1932\/\" \/>\n<meta property=\"og:site_name\" content=\"Kunsthandel Nikolaus Kolhammer\" \/>\n<meta property=\"article:publisher\" content=\"https:\/\/www.facebook.com\/nikolauskolhammer\" \/>\n<meta property=\"article:modified_time\" content=\"2025-05-28T14:30:38+00:00\" \/>\n<meta property=\"og:image\" content=\"https:\/\/kolhammer.com\/wp-content\/uploads\/2025\/05\/1460_hagenauer_skispringer_nikolaus_kolhammer-1.jpg\" \/>\n\t<meta property=\"og:image:width\" content=\"1800\" \/>\n\t<meta property=\"og:image:height\" content=\"1800\" \/>\n\t<meta property=\"og:image:type\" content=\"image\/jpeg\" \/>\n<meta name=\"twitter:card\" content=\"summary_large_image\" \/>\n<meta name=\"twitter:label1\" content=\"Price\" \/>\n\t<meta name=\"twitter:data1\" content=\"&euro;8.500,00\" \/>\n\t<meta name=\"twitter:label2\" content=\"Availability\" \/>\n\t<meta name=\"twitter:data2\" content=\"In stock\" \/>\n<script type=\"application\/ld+json\" class=\"yoast-schema-graph\">{\"@context\":\"https:\\\/\\\/schema.org\",\"@graph\":[{\"@type\":\"WebPage\",\"@id\":\"https:\\\/\\\/kolhammer.com\\\/en\\\/product\\\/ski-jumper-franz-hagenauer-ca-1932\\\/\",\"url\":\"https:\\\/\\\/kolhammer.com\\\/en\\\/product\\\/ski-jumper-franz-hagenauer-ca-1932\\\/\",\"name\":\"Ski jumper Franz Hagenauer ca. 1932 - kolhammer.com\",\"isPartOf\":{\"@id\":\"https:\\\/\\\/kolhammer.com\\\/en\\\/#website\"},\"primaryImageOfPage\":{\"@id\":\"https:\\\/\\\/kolhammer.com\\\/en\\\/product\\\/ski-jumper-franz-hagenauer-ca-1932\\\/#primaryimage\"},\"image\":{\"@id\":\"https:\\\/\\\/kolhammer.com\\\/en\\\/product\\\/ski-jumper-franz-hagenauer-ca-1932\\\/#primaryimage\"},\"thumbnailUrl\":\"https:\\\/\\\/kolhammer.com\\\/wp-content\\\/uploads\\\/2025\\\/05\\\/1460_hagenauer_skispringer_nikolaus_kolhammer-1.jpg\",\"datePublished\":\"2025-05-28T14:30:02+00:00\",\"dateModified\":\"2025-05-28T14:30:38+00:00\",\"breadcrumb\":{\"@id\":\"https:\\\/\\\/kolhammer.com\\\/en\\\/product\\\/ski-jumper-franz-hagenauer-ca-1932\\\/#breadcrumb\"},\"inLanguage\":\"en-US\",\"potentialAction\":[{\"@type\":\"ReadAction\",\"target\":[\"https:\\\/\\\/kolhammer.com\\\/en\\\/product\\\/ski-jumper-franz-hagenauer-ca-1932\\\/\"]}]},{\"@type\":\"ImageObject\",\"inLanguage\":\"en-US\",\"@id\":\"https:\\\/\\\/kolhammer.com\\\/en\\\/product\\\/ski-jumper-franz-hagenauer-ca-1932\\\/#primaryimage\",\"url\":\"https:\\\/\\\/kolhammer.com\\\/wp-content\\\/uploads\\\/2025\\\/05\\\/1460_hagenauer_skispringer_nikolaus_kolhammer-1.jpg\",\"contentUrl\":\"https:\\\/\\\/kolhammer.com\\\/wp-content\\\/uploads\\\/2025\\\/05\\\/1460_hagenauer_skispringer_nikolaus_kolhammer-1.jpg\",\"width\":1800,\"height\":1800,\"caption\":\"Ski jumper Franz Hagenauer Werkst\u00e4tte Hagenauer Wien ca. 1932 brass and brass nickel-plated marked\"},{\"@type\":\"BreadcrumbList\",\"@id\":\"https:\\\/\\\/kolhammer.com\\\/en\\\/product\\\/ski-jumper-franz-hagenauer-ca-1932\\\/#breadcrumb\",\"itemListElement\":[{\"@type\":\"ListItem\",\"position\":1,\"name\":\"Objects\",\"item\":\"https:\\\/\\\/kolhammer.com\\\/en\\\/objects\\\/\"},{\"@type\":\"ListItem\",\"position\":2,\"name\":\"Ski jumper Franz Hagenauer ca. 1932\"}]},{\"@type\":\"WebSite\",\"@id\":\"https:\\\/\\\/kolhammer.com\\\/en\\\/#website\",\"url\":\"https:\\\/\\\/kolhammer.com\\\/en\\\/\",\"name\":\"Kunsthandel Nikolaus Kolhammer\",\"description\":\"Kunsthandel in Wien. Kunst und Design des 20. Jahrhunderts.\",\"publisher\":{\"@id\":\"https:\\\/\\\/kolhammer.com\\\/en\\\/#organization\"},\"potentialAction\":[{\"@type\":\"SearchAction\",\"target\":{\"@type\":\"EntryPoint\",\"urlTemplate\":\"https:\\\/\\\/kolhammer.com\\\/en\\\/?s={search_term_string}\"},\"query-input\":{\"@type\":\"PropertyValueSpecification\",\"valueRequired\":true,\"valueName\":\"search_term_string\"}}],\"inLanguage\":\"en-US\"},{\"@type\":\"Organization\",\"@id\":\"https:\\\/\\\/kolhammer.com\\\/en\\\/#organization\",\"name\":\"Kunsthandel Nikolaus Kolhammer\",\"url\":\"https:\\\/\\\/kolhammer.com\\\/en\\\/\",\"logo\":{\"@type\":\"ImageObject\",\"inLanguage\":\"en-US\",\"@id\":\"https:\\\/\\\/kolhammer.com\\\/en\\\/#\\\/schema\\\/logo\\\/image\\\/\",\"url\":\"https:\\\/\\\/kolhammer.com\\\/wp-content\\\/uploads\\\/2021\\\/06\\\/logo_small.png\",\"contentUrl\":\"https:\\\/\\\/kolhammer.com\\\/wp-content\\\/uploads\\\/2021\\\/06\\\/logo_small.png\",\"width\":512,\"height\":311,\"caption\":\"Kunsthandel Nikolaus Kolhammer\"},\"image\":{\"@id\":\"https:\\\/\\\/kolhammer.com\\\/en\\\/#\\\/schema\\\/logo\\\/image\\\/\"},\"sameAs\":[\"https:\\\/\\\/www.facebook.com\\\/nikolauskolhammer\",\"https:\\\/\\\/www.instagram.com\\\/nikolauskolhammer\\\/\",\"https:\\\/\\\/www.pinterest.com\\\/nikolauskolhammer\"]}]}<\/script>\n<meta property=\"product:price:amount\" content=\"8500.00\" \/>\n<meta property=\"product:price:currency\" content=\"EUR\" \/>\n<meta property=\"og:availability\" content=\"instock\" \/>\n<meta property=\"product:availability\" content=\"instock\" \/>\n<meta property=\"product:retailer_item_id\" content=\"1460\" \/>\n<meta property=\"product:condition\" content=\"new\" \/>\n<!-- \/ Yoast SEO Premium plugin. -->","yoast_head_json":{"title":"Ski jumper Franz Hagenauer ca. 1932 - kolhammer.com","robots":{"index":"index","follow":"follow","max-snippet":"max-snippet:-1","max-image-preview":"max-image-preview:large","max-video-preview":"max-video-preview:-1"},"canonical":"https:\/\/kolhammer.com\/en\/product\/ski-jumper-franz-hagenauer-ca-1932\/","og_locale":"en_US","og_type":"article","og_title":"Ski jumper Franz Hagenauer ca. 1932 - kolhammer.com","og_description":"Ski jumper, design by Franz Hagenauer, executed by Werkst\u00e4tte Hagenauer Wien, ca. 1932, brass and brass nickel-plated, marked","og_url":"https:\/\/kolhammer.com\/en\/product\/ski-jumper-franz-hagenauer-ca-1932\/","og_site_name":"Kunsthandel Nikolaus Kolhammer","article_publisher":"https:\/\/www.facebook.com\/nikolauskolhammer","article_modified_time":"2025-05-28T14:30:38+00:00","og_image":[{"width":1800,"height":1800,"url":"https:\/\/kolhammer.com\/wp-content\/uploads\/2025\/05\/1460_hagenauer_skispringer_nikolaus_kolhammer-1.jpg","type":"image\/jpeg"}],"twitter_card":"summary_large_image","twitter_misc":{"Price":"&euro;8.500,00","Availability":"In stock"},"schema":{"@context":"https:\/\/schema.org","@graph":[{"@type":"WebPage","@id":"https:\/\/kolhammer.com\/en\/product\/ski-jumper-franz-hagenauer-ca-1932\/","url":"https:\/\/kolhammer.com\/en\/product\/ski-jumper-franz-hagenauer-ca-1932\/","name":"Ski jumper Franz Hagenauer ca. 1932 - kolhammer.com","isPartOf":{"@id":"https:\/\/kolhammer.com\/en\/#website"},"primaryImageOfPage":{"@id":"https:\/\/kolhammer.com\/en\/product\/ski-jumper-franz-hagenauer-ca-1932\/#primaryimage"},"image":{"@id":"https:\/\/kolhammer.com\/en\/product\/ski-jumper-franz-hagenauer-ca-1932\/#primaryimage"},"thumbnailUrl":"https:\/\/kolhammer.com\/wp-content\/uploads\/2025\/05\/1460_hagenauer_skispringer_nikolaus_kolhammer-1.jpg","datePublished":"2025-05-28T14:30:02+00:00","dateModified":"2025-05-28T14:30:38+00:00","breadcrumb":{"@id":"https:\/\/kolhammer.com\/en\/product\/ski-jumper-franz-hagenauer-ca-1932\/#breadcrumb"},"inLanguage":"en-US","potentialAction":[{"@type":"ReadAction","target":["https:\/\/kolhammer.com\/en\/product\/ski-jumper-franz-hagenauer-ca-1932\/"]}]},{"@type":"ImageObject","inLanguage":"en-US","@id":"https:\/\/kolhammer.com\/en\/product\/ski-jumper-franz-hagenauer-ca-1932\/#primaryimage","url":"https:\/\/kolhammer.com\/wp-content\/uploads\/2025\/05\/1460_hagenauer_skispringer_nikolaus_kolhammer-1.jpg","contentUrl":"https:\/\/kolhammer.com\/wp-content\/uploads\/2025\/05\/1460_hagenauer_skispringer_nikolaus_kolhammer-1.jpg","width":1800,"height":1800,"caption":"Ski jumper Franz Hagenauer Werkst\u00e4tte Hagenauer Wien ca. 1932 brass and brass nickel-plated marked"},{"@type":"BreadcrumbList","@id":"https:\/\/kolhammer.com\/en\/product\/ski-jumper-franz-hagenauer-ca-1932\/#breadcrumb","itemListElement":[{"@type":"ListItem","position":1,"name":"Objects","item":"https:\/\/kolhammer.com\/en\/objects\/"},{"@type":"ListItem","position":2,"name":"Ski jumper Franz Hagenauer ca. 1932"}]},{"@type":"WebSite","@id":"https:\/\/kolhammer.com\/en\/#website","url":"https:\/\/kolhammer.com\/en\/","name":"Kunsthandel Nikolaus Kolhammer","description":"Kunsthandel in Wien. Kunst und Design des 20. Jahrhunderts.","publisher":{"@id":"https:\/\/kolhammer.com\/en\/#organization"},"potentialAction":[{"@type":"SearchAction","target":{"@type":"EntryPoint","urlTemplate":"https:\/\/kolhammer.com\/en\/?s={search_term_string}"},"query-input":{"@type":"PropertyValueSpecification","valueRequired":true,"valueName":"search_term_string"}}],"inLanguage":"en-US"},{"@type":"Organization","@id":"https:\/\/kolhammer.com\/en\/#organization","name":"Kunsthandel Nikolaus Kolhammer","url":"https:\/\/kolhammer.com\/en\/","logo":{"@type":"ImageObject","inLanguage":"en-US","@id":"https:\/\/kolhammer.com\/en\/#\/schema\/logo\/image\/","url":"https:\/\/kolhammer.com\/wp-content\/uploads\/2021\/06\/logo_small.png","contentUrl":"https:\/\/kolhammer.com\/wp-content\/uploads\/2021\/06\/logo_small.png","width":512,"height":311,"caption":"Kunsthandel Nikolaus Kolhammer"},"image":{"@id":"https:\/\/kolhammer.com\/en\/#\/schema\/logo\/image\/"},"sameAs":["https:\/\/www.facebook.com\/nikolauskolhammer","https:\/\/www.instagram.com\/nikolauskolhammer\/","https:\/\/www.pinterest.com\/nikolauskolhammer"]}]},"product_price_amount":"8500.00","product_price_currency":"EUR","og_availability":"instock","product_availability":"instock","product_retailer_item_id":"1460","product_condition":"new"},"_links":{"self":[{"href":"https:\/\/kolhammer.com\/en\/wp-json\/wp\/v2\/product\/35792","targetHints":{"allow":["GET"]}}],"collection":[{"href":"https:\/\/kolhammer.com\/en\/wp-json\/wp\/v2\/product"}],"about":[{"href":"https:\/\/kolhammer.com\/en\/wp-json\/wp\/v2\/types\/product"}],"wp:featuredmedia":[{"embeddable":true,"href":"https:\/\/kolhammer.com\/en\/wp-json\/wp\/v2\/media\/35778"}],"wp:attachment":[{"href":"https:\/\/kolhammer.com\/en\/wp-json\/wp\/v2\/media?parent=35792"}],"wp:term":[{"taxonomy":"product_brand","embeddable":true,"href":"https:\/\/kolhammer.com\/en\/wp-json\/wp\/v2\/product_brand?post=35792"},{"taxonomy":"product_cat","embeddable":true,"href":"https:\/\/kolhammer.com\/en\/wp-json\/wp\/v2\/product_cat?post=35792"},{"taxonomy":"product_tag","embeddable":true,"href":"https:\/\/kolhammer.com\/en\/wp-json\/wp\/v2\/product_tag?post=35792"}],"curies":[{"name":"wp","href":"https:\/\/api.w.org\/{rel}","templated":true}]}}